


{"id":526,"date":"2020-02-19T12:27:08","date_gmt":"2020-02-19T12:27:08","guid":{"rendered":"https:\/\/grass-flipflop.com\/?page_id=526"},"modified":"2020-12-23T17:18:50","modified_gmt":"2020-12-23T17:18:50","slug":"produkt-info","status":"publish","type":"page","link":"https:\/\/grass-flipflop.com\/en\/produkt-info\/","title":{"rendered":"Product info"},"content":{"rendered":"<div class=\"wpb-content-wrapper\"><div      class=\"vc_row wpb_row section vc_row-fluid\" style=' text-align:left;'><div class=\"full_section_inner clearfix\"><div class=\"wpb_column vc_column_container vc_col-sm-12\"><div class=\"vc_column-inner\"><div class=\"wpb_wrapper\"><div class=\"separator  transparent\" style=\"margin-bottom: 50px;\"><\/div>\n<\/div><\/div><\/div><\/div><\/div><div      class=\"vc_row wpb_row section vc_row-fluid  vc_custom_1607422451663\" style=' text-align:left;'><div class=\"full_section_inner clearfix\"><div class=\"p-left wpb_column vc_column_container vc_col-sm-6\"><div class=\"vc_column-inner\"><div class=\"wpb_wrapper\">\n\t<div class=\"wpb_single_image wpb_content_element vc_align_left   prod-img-left\">\n\t\t<div class=\"wpb_wrapper\">\n\t\t\t\n\t\t\t<div class=\"vc_single_image-wrapper   vc_box_border_grey\"><img loading=\"lazy\" decoding=\"async\" width=\"800\" height=\"500\" src=\"https:\/\/grass-flipflop.com\/wp-content\/uploads\/2020\/07\/800x500-1-copy.jpg\" class=\"vc_single_image-img attachment-full\" alt=\"\" title=\"800x500-1 copy\" srcset=\"https:\/\/grass-flipflop.com\/wp-content\/uploads\/2020\/07\/800x500-1-copy.jpg 800w, https:\/\/grass-flipflop.com\/wp-content\/uploads\/2020\/07\/800x500-1-copy-300x188.jpg 300w, https:\/\/grass-flipflop.com\/wp-content\/uploads\/2020\/07\/800x500-1-copy-768x480.jpg 768w, https:\/\/grass-flipflop.com\/wp-content\/uploads\/2020\/07\/800x500-1-copy-700x438.jpg 700w, https:\/\/grass-flipflop.com\/wp-content\/uploads\/2020\/07\/800x500-1-copy-600x375.jpg 600w\" sizes=\"auto, (max-width: 800px) 100vw, 800px\" \/><\/div>\n\t\t<\/div>\n\t<\/div>\n<\/div><\/div><\/div><div class=\"p-right wpb_column vc_column_container vc_col-sm-6\"><div class=\"vc_column-inner vc_custom_1607422437577\"><div class=\"wpb_wrapper\">\n\t<div class=\"wpb_text_column wpb_content_element  custom-width custom-font-size prod-p-info\">\n\t\t<div class=\"wpb_wrapper\">\n\t\t\t<p class=\"translation-block\">Walking barefoot through dew-covered grass on a summer morning and being happy to finally be out of stuffy socks and tight shoes? Whether it's a freshly mowed summer meadow or blades of grass under the soles of your feet \u2013 that's what summer feels like!<\/p>\n<p>&nbsp;<\/p>\n<p class=\"translation-block\">With Grass Flip Flops, you can enjoy the delightful sensation of a summer meadow all year round.<\/p>\n<p>&nbsp;<\/p>\n<p class=\"translation-block\">Someone had the brilliant idea of combining grass and flip-flops, and thus the super stylish Grass Flip Flops were born.<\/p>\n<p>&nbsp;<\/p>\n<p class=\"translation-block\">The design of our flip flops is also noteworthy. It has been adapted with logos and colors for different countries. The respective national flag has been integrated into the strap, and you can find the sole in the corresponding national color.<\/p>\n\n\t\t<\/div> \n\t<\/div> <\/div><\/div><\/div><\/div><\/div><div      class=\"vc_row wpb_row section vc_row-fluid\" style=' text-align:left;'><div class=\"full_section_inner clearfix\"><div class=\"wpb_column vc_column_container vc_col-sm-12\"><div class=\"vc_column-inner\"><div class=\"wpb_wrapper\"><div class=\"separator  transparent\" style=\"margin-bottom: 100px;\"><\/div>\n<\/div><\/div><\/div><\/div><\/div><div      class=\"vc_row wpb_row section vc_row-fluid  vc_custom_1594214552512\" style=' text-align:left;'><div class=\"full_section_inner clearfix\"><div class=\"product-info-div p-left wpb_column vc_column_container vc_col-sm-6\"><div class=\"vc_column-inner\"><div class=\"wpb_wrapper\">\n\t<div class=\"wpb_text_column wpb_content_element  custom-width-left custom-font-size vc_custom_1607422122540\">\n\t\t<div class=\"wpb_wrapper\">\n\t\t\t<p>In previous years, artificial grass flip flops were already available. In the current 2020 collection, the design and individual components have been perfected once again. The result is a high-quality product with a fresh design incorporating various national colors.<\/p>\n<p>&nbsp;<\/p>\n<p class=\"translation-block\">It might very well happen that in summer, you won't want to trade the feeling of real grass under your feet for regular flip-flops anymore. After all, your flip-flops won't hide hungry bees or sharp stones that could poke your feet.<\/p>\n<p>&nbsp;<\/p>\n<p class=\"translation-block\">And just think about the envious glances you'll attract with these grass-green kicks: Sure, there are platform shoes that look like they have their own ecosystem in the sole, chocolate shoes, but shoes strolling around with a meadow? Treating your feet to their own green space is truly a summer trend and absolutely unique!<\/p>\n\n\t\t<\/div> \n\t<\/div> <\/div><\/div><\/div><div class=\"p-right wpb_column vc_column_container vc_col-sm-6\"><div class=\"vc_column-inner vc_custom_1607423019338\"><div class=\"wpb_wrapper\">\n\t<div class=\"wpb_single_image wpb_content_element vc_align_right   prod-img-right\">\n\t\t<div class=\"wpb_wrapper\">\n\t\t\t\n\t\t\t<div class=\"vc_single_image-wrapper   vc_box_border_grey\"><img loading=\"lazy\" decoding=\"async\" width=\"800\" height=\"500\" src=\"https:\/\/grass-flipflop.com\/wp-content\/uploads\/2020\/07\/800x500-copy.jpg\" class=\"vc_single_image-img attachment-full\" alt=\"\" title=\"800x500 copy\" srcset=\"https:\/\/grass-flipflop.com\/wp-content\/uploads\/2020\/07\/800x500-copy.jpg 800w, https:\/\/grass-flipflop.com\/wp-content\/uploads\/2020\/07\/800x500-copy-300x188.jpg 300w, https:\/\/grass-flipflop.com\/wp-content\/uploads\/2020\/07\/800x500-copy-768x480.jpg 768w, https:\/\/grass-flipflop.com\/wp-content\/uploads\/2020\/07\/800x500-copy-700x438.jpg 700w, https:\/\/grass-flipflop.com\/wp-content\/uploads\/2020\/07\/800x500-copy-600x375.jpg 600w\" sizes=\"auto, (max-width: 800px) 100vw, 800px\" \/><\/div>\n\t\t<\/div>\n\t<\/div>\n<\/div><\/div><\/div><\/div><\/div><div      class=\"vc_row wpb_row section vc_row-fluid\" style=' text-align:left;'><div class=\"full_section_inner clearfix\"><div class=\"wpb_column vc_column_container vc_col-sm-12\"><div class=\"vc_column-inner\"><div class=\"wpb_wrapper\"><div class=\"separator  transparent\" style=\"margin-bottom: 100px;\"><\/div>\n<\/div><\/div><\/div><\/div><\/div><div      class=\"vc_row wpb_row section vc_row-fluid\" style=' text-align:left;'><div class=\"full_section_inner clearfix\"><div class=\"p-left wpb_column vc_column_container vc_col-sm-6\"><div class=\"vc_column-inner\"><div class=\"wpb_wrapper\">\n\t<div class=\"wpb_single_image wpb_content_element vc_align_right   prod-img-right\">\n\t\t<div class=\"wpb_wrapper\">\n\t\t\t\n\t\t\t<div class=\"vc_single_image-wrapper   vc_box_border_grey\"><img loading=\"lazy\" decoding=\"async\" width=\"700\" height=\"438\" src=\"https:\/\/grass-flipflop.com\/wp-content\/uploads\/2020\/12\/logo-copy.jpg\" class=\"vc_single_image-img attachment-full\" alt=\"\" title=\"logo copy\" srcset=\"https:\/\/grass-flipflop.com\/wp-content\/uploads\/2020\/12\/logo-copy.jpg 700w, https:\/\/grass-flipflop.com\/wp-content\/uploads\/2020\/12\/logo-copy-300x188.jpg 300w, https:\/\/grass-flipflop.com\/wp-content\/uploads\/2020\/12\/logo-copy-600x375.jpg 600w\" sizes=\"auto, (max-width: 700px) 100vw, 700px\" \/><\/div>\n\t\t<\/div>\n\t<\/div>\n<\/div><\/div><\/div><div class=\"p-right wpb_column vc_column_container vc_col-sm-6\"><div class=\"vc_column-inner\"><div class=\"wpb_wrapper\">\n\t<div class=\"wpb_text_column wpb_content_element  custom-width-left custom-font-size vc_custom_1608743925782\">\n\t\t<div class=\"wpb_wrapper\">\n\t\t\t<p class=\"translation-block\">Our Grass Flip Flops are produced according to the amfori BSCI Code of Conduct. This code includes 11 principles that a responsible producer must adhere to.<\/p>\n<p>&nbsp;<\/p>\n<p class=\"translation-block\">The most important principles include fair remuneration for employees, no child labor, and prioritizing sustainable trade at the core of the business.<\/p>\n<p>&nbsp;<\/p>\n<p class=\"translation-block\">Mehr Information finden Sie auch<br>\r\nhier: <a href=\"https:\/\/www.amfori.org\/content\/amfori-bsci\" target=\"_blank\" rel=\"noopener\">www.amfori.org\/content\/amfori-bsci<\/a><\/p>\n\n\t\t<\/div> \n\t<\/div> <\/div><\/div><\/div><\/div><\/div><div      class=\"vc_row wpb_row section vc_row-fluid\" style=' text-align:left;'><div class=\"full_section_inner clearfix\"><div class=\"wpb_column vc_column_container vc_col-sm-12\"><div class=\"vc_column-inner\"><div class=\"wpb_wrapper\"><div class=\"separator  transparent\" style=\"margin-bottom: 100px;\"><\/div>\n<\/div><\/div><\/div><\/div><\/div>\n<\/div>","protected":false},"excerpt":{"rendered":"Im Sommer morgens barfu\u00df durch taubedecktes Gras gehen und sich freuen, endlich wieder raus aus den stinkigen Socken und dr\u00fcckenden Schuhen zu sein? Ob frisch gem\u00e4hte Sommerwiese oder Grashalme unter den Fu\u00dfsohlen \u2013 so f\u00fchlt sich der Sommer an! &nbsp; Mit den Gras Flip-Flops kannst...","protected":false},"author":67,"featured_media":0,"parent":0,"menu_order":0,"comment_status":"closed","ping_status":"closed","template":"full_width.php","meta":{"_monsterinsights_skip_tracking":false,"_monsterinsights_sitenote_active":false,"_monsterinsights_sitenote_note":"","_monsterinsights_sitenote_category":0,"footnotes":""},"class_list":["post-526","page","type-page","status-publish","hentry"],"aioseo_notices":[],"_links":{"self":[{"href":"https:\/\/grass-flipflop.com\/en\/wp-json\/wp\/v2\/pages\/526","targetHints":{"allow":["GET"]}}],"collection":[{"href":"https:\/\/grass-flipflop.com\/en\/wp-json\/wp\/v2\/pages"}],"about":[{"href":"https:\/\/grass-flipflop.com\/en\/wp-json\/wp\/v2\/types\/page"}],"author":[{"embeddable":true,"href":"https:\/\/grass-flipflop.com\/en\/wp-json\/wp\/v2\/users\/67"}],"replies":[{"embeddable":true,"href":"https:\/\/grass-flipflop.com\/en\/wp-json\/wp\/v2\/comments?post=526"}],"version-history":[{"count":0,"href":"https:\/\/grass-flipflop.com\/en\/wp-json\/wp\/v2\/pages\/526\/revisions"}],"wp:attachment":[{"href":"https:\/\/grass-flipflop.com\/en\/wp-json\/wp\/v2\/media?parent=526"}],"curies":[{"name":"wp","href":"https:\/\/api.w.org\/{rel}","templated":true}]}}