


{"id":2014,"date":"2021-07-26T10:56:59","date_gmt":"2021-07-26T10:56:59","guid":{"rendered":"https:\/\/grass-flipflop.com\/?page_id=2014"},"modified":"2022-07-03T18:08:22","modified_gmt":"2022-07-03T18:08:22","slug":"vertriebspartner","status":"publish","type":"page","link":"https:\/\/grass-flipflop.com\/en\/vertriebspartner\/","title":{"rendered":"Sales Partner"},"content":{"rendered":"<div class=\"content content_top_margin_none\" style=\"min-height: 537px; padding-top: 0px;\">\n<div class=\"content_inner\">\n<div id=\"Content\" class=\"contact-distributer\">\n<div class=\"content_wrapper clearfix\">\n<div class=\"sections_group\">\n<div class=\"entry-content\">\n<section class=\"elementor-section elementor-top-section elementor-element elementor-section-boxed elementor-section-height-default elementor-section-height-default distributor-section\">\n<div class=\"elementor-container elementor-column-gap-default\">\n<div class=\"distributor-row\">\n<div class=\"distributor-column\">\n<div class=\"distributor-icon-box-wrapper\">\n<div class=\"distributor-icon-box-icon\">\n<p><img decoding=\"async\" class=\"distributor-icon\" src=\"https:\/\/www.countryflags.io\/ch\/flat\/64.png\" alt=\"Schweiz\" \/><\/p>\n<h4>Schweiz<\/h4>\n<\/div>\n<div class=\"distributor-icon-box-content\">\n<h3 class=\"distributor-icon-box-title\">Reto Schaufelberger Eurotrends GmbH<\/h3>\n<p class=\"distributor-icon-box box-address\">Sch\u00f6nb\u00fcelstrasse 34A<\/p>\n<p class=\"distributor-icon-box box-zip\">Pf\u00e4ffikon 8330<\/p>\n<p class=\"distributor-icon-box box-country\">Schweiz<\/p>\n<p class=\"distributor-icon-box box-email\"><i class=\"fa fa-envelope\"><\/i><br \/>\ninfo@grass-flipflop.com<\/p>\n<p class=\"distributor-icon-box box-phone\"><i class=\"fa fa-phone-square\"><\/i><br \/>\n0041 44 952 30 25<\/p>\n<\/div>\n<\/div>\n<\/div>\n<div class=\"distributor-column\">\n<div class=\"distributor-icon-box-wrapper\">\n<div class=\"distributor-icon-box-icon\">\n<p><img decoding=\"async\" class=\"distributor-icon\" src=\"https:\/\/www.countryflags.io\/ch\/flat\/64.png\" alt=\"Schweiz\" \/><\/p>\n<h4>Schweiz<\/h4>\n<\/div>\n<div class=\"distributor-icon-box-content\">\n<h3 class=\"distributor-icon-box-title\">R. Grogg AG<\/h3>\n<p class=\"distributor-icon-box box-address\">Hauptstrasse 105<\/p>\n<p class=\"distributor-icon-box box-zip\">Safnern 2553<\/p>\n<p class=\"distributor-icon-box box-country\">Schweiz<\/p>\n<p class=\"distributor-icon-box box-email\"><i class=\"fa fa-envelope\"><\/i><br \/>\ninfo@grogg-ag.ch<\/p>\n<p class=\"distributor-icon-box box-phone\"><i class=\"fa fa-phone-square\"><\/i><br \/>\n0041 32 356 03 56<\/p>\n<p class=\"distributor-icon-box box-url\"><i class=\"fa fa-globe\"><\/i><br \/>\nwww.grogg-ag.ch<\/p>\n<\/div>\n<\/div>\n<\/div>\n<div class=\"distributor-column\">\n<div class=\"distributor-icon-box-wrapper\">\n<div class=\"distributor-icon-box-icon\">\n<p><img decoding=\"async\" class=\"distributor-icon\" src=\"https:\/\/www.countryflags.io\/ch\/flat\/64.png\" alt=\"Schweiz\" \/><\/p>\n<h4>Schweiz<\/h4>\n<\/div>\n<div class=\"distributor-icon-box-content\">\n<h3 class=\"distributor-icon-box-title\">Firmen Event GmbH<\/h3>\n<p class=\"distributor-icon-box box-address\">Tumbelenstrasse 6<\/p>\n<p class=\"distributor-icon-box box-zip\">Pf\u00e4ffikon 8330<\/p>\n<p class=\"distributor-icon-box box-country\">Schweiz<\/p>\n<p class=\"distributor-icon-box box-email\"><i class=\"fa fa-envelope\"><\/i><br \/>\ninfo@chesselhuus.ch<\/p>\n<p class=\"distributor-icon-box box-phone\"><i class=\"fa fa-phone-square\"><\/i><br \/>\n0041 44 952 30 20<\/p>\n<p class=\"distributor-icon-box box-url\"><i class=\"fa fa-globe\"><\/i><br \/>\nwww.chesselhuus.ch<\/p>\n<\/div>\n<\/div>\n<\/div>\n<div class=\"distributor-column\">\n<div class=\"distributor-icon-box-wrapper\">\n<div class=\"distributor-icon-box-icon\">\n<p><img decoding=\"async\" class=\"distributor-icon\" src=\"https:\/\/www.countryflags.io\/ch\/flat\/64.png\" alt=\"Schweiz\" \/><\/p>\n<h4>Schweiz<\/h4>\n<\/div>\n<div class=\"distributor-icon-box-content\">\n<h3 class=\"distributor-icon-box-title\">Minigolfanlage und Minigolfclub Wetzikon<\/h3>\n<p class=\"distributor-icon-box box-address\">Rapperswilerstrasse 63<\/p>\n<p class=\"distributor-icon-box box-zip\">Wetzikon 8620<\/p>\n<p class=\"distributor-icon-box box-country\">Schweiz<\/p>\n<\/div>\n<\/div>\n<\/div>\n<div class=\"distributor-column\">\n<div class=\"distributor-icon-box-wrapper\">\n<div class=\"distributor-icon-box-icon\">\n<p><img decoding=\"async\" class=\"distributor-icon\" src=\"https:\/\/www.countryflags.io\/ch\/flat\/64.png\" alt=\"Schweiz\" \/><\/p>\n<h4>NATITRIKOT.CH<\/h4>\n<\/div>\n<div class=\"distributor-icon-box-content\">\n<h3 class=\"distributor-icon-box-title\">Sportglobe GmbH<\/h3>\n<p class=\"distributor-icon-box box-address\">Stadtwald 1<\/p>\n<p class=\"distributor-icon-box box-zip\">9400 Rorschach<\/p>\n<p class=\"distributor-icon-box box-country\">Schweiz<\/p>\n<p class=\"distributor-icon-box box-email\"><i class=\"fa fa-envelope\"><\/i><br \/>\nservice@natitrikot.ch<\/p>\n<p class=\"distributor-icon-box box-phone\"><i class=\"fa fa-phone-square\"><\/i><br \/>\n+41 71 508 70 18<\/p>\n<p class=\"distributor-icon-box box-url\"><i class=\"fa fa-globe\"><\/i><br \/>\nwww.natitrikot.ch<\/p>\n<\/div>\n<\/div>\n<\/div\n\n<\/div>\n<\/section>\n<\/div>\n<\/div>\n<div class=\"column_inner\"><\/div>\n<\/div>\n<\/div>\n<\/div>\n<\/div>","protected":false},"excerpt":{"rendered":"<p>Schweiz Reto Schaufelberger Eurotrends GmbH Sch\u00f6nb\u00fcelstrasse 34A Pf\u00e4ffikon 8330 Schweiz info@grass-flipflop.com 0041 44 952 30 25 Schweiz R. Grogg AG Hauptstrasse 105 Safnern 2553 Schweiz info@grogg-ag.ch 0041 32 356 03 56 www.grogg-ag.ch Schweiz Firmen Event GmbH Tumbelenstrasse 6 Pf\u00e4ffikon 8330 Schweiz info@chesselhuus.ch 0041 44 952&#8230;<\/p>","protected":false},"author":67,"featured_media":0,"parent":0,"menu_order":0,"comment_status":"closed","ping_status":"closed","template":"full_width.php","meta":{"_monsterinsights_skip_tracking":false,"_monsterinsights_sitenote_active":false,"_monsterinsights_sitenote_note":"","_monsterinsights_sitenote_category":0,"footnotes":""},"class_list":["post-2014","page","type-page","status-publish","hentry"],"aioseo_notices":[],"_links":{"self":[{"href":"https:\/\/grass-flipflop.com\/en\/wp-json\/wp\/v2\/pages\/2014","targetHints":{"allow":["GET"]}}],"collection":[{"href":"https:\/\/grass-flipflop.com\/en\/wp-json\/wp\/v2\/pages"}],"about":[{"href":"https:\/\/grass-flipflop.com\/en\/wp-json\/wp\/v2\/types\/page"}],"author":[{"embeddable":true,"href":"https:\/\/grass-flipflop.com\/en\/wp-json\/wp\/v2\/users\/67"}],"replies":[{"embeddable":true,"href":"https:\/\/grass-flipflop.com\/en\/wp-json\/wp\/v2\/comments?post=2014"}],"version-history":[{"count":0,"href":"https:\/\/grass-flipflop.com\/en\/wp-json\/wp\/v2\/pages\/2014\/revisions"}],"wp:attachment":[{"href":"https:\/\/grass-flipflop.com\/en\/wp-json\/wp\/v2\/media?parent=2014"}],"curies":[{"name":"wp","href":"https:\/\/api.w.org\/{rel}","templated":true}]}}