


{"id":194,"date":"2018-04-16T10:20:01","date_gmt":"2018-04-16T10:20:01","guid":{"rendered":"http:\/\/bridge220.qodeinteractive.com\/?page_id=194"},"modified":"2022-06-30T10:04:58","modified_gmt":"2022-06-30T10:04:58","slug":"eigenes-design","status":"publish","type":"page","link":"https:\/\/grass-flipflop.com\/en\/eigenes-design\/","title":{"rendered":"Custom design"},"content":{"rendered":"<div class=\"wpb-content-wrapper\"><div      class=\"vc_row wpb_row section vc_row-fluid\" style=' text-align:left;'><div class=\"full_section_inner clearfix\"><div class=\"wpb_column vc_column_container vc_col-sm-12\"><div class=\"vc_column-inner\"><div class=\"wpb_wrapper\"><div class=\"separator  normal\" style=\"margin-bottom: 50px;\"><\/div>\n<\/div><\/div><\/div><\/div><\/div><div      class=\"vc_row wpb_row section vc_row-fluid\" style=' text-align:left;'><div class=\"full_section_inner clearfix\"><div class=\"wpb_column vc_column_container vc_col-sm-12\"><div class=\"vc_column-inner\"><div class=\"wpb_wrapper\">\n\t<div class=\"wpb_text_column wpb_content_element\">\n\t\t<div class=\"wpb_wrapper\">\n\t\t\t<h3 style=\"text-align: center;\">WHY CUSTOM FLIP FLOPS?<\/h3>\n\n\t\t<\/div> \n\t<\/div> \n\t<div class=\"wpb_text_column wpb_content_element  vc_custom_1656582238635\">\n\t\t<div class=\"wpb_wrapper\">\n\t\t\t<p style=\"text-align: center;\">Whether as a member or a fan of a football club, with our flip flops, you can<br \/>\nshow your support and connection to your teammates or idols.<br \/>\nWatch a game comfortably from your sofa or cheer<br \/>\nfor your favorite club from the<br \/>\nstands \u2013 our Grass Flip Flops<br \/>\nare a must-have.<\/p>\n\n\t\t<\/div> \n\t<\/div> <\/div><\/div><\/div><\/div><\/div><div      class=\"vc_row wpb_row section vc_row-fluid  vc_custom_1609404556604\" style=' text-align:left;'><div class=\"full_section_inner clearfix\"><div class=\"wpb_column vc_column_container vc_col-sm-12\"><div class=\"vc_column-inner\"><div class=\"wpb_wrapper\">\n\t<div class=\"wpb_text_column wpb_content_element\">\n\t\t<div class=\"wpb_wrapper\">\n\t\t\t<h3 style=\"text-align: center;\">CLUB FLIP FLOPS \u2013 CUSTOM DESIGN<\/h3>\n\n\t\t<\/div> \n\t<\/div> \n\t<div class=\"wpb_text_column wpb_content_element  vc_custom_1609404523103\">\n\t\t<div class=\"wpb_wrapper\">\n\t\t\t<p style=\"text-align: center;\">We produce your own club flip flops with your club logo and corresponding team colors.<br \/>\nWhether as fan merchandise for professional clubs or as a gift for club anniversaries for members and sponsors,<br \/>\nour high-quality artificial grass flip flops bring you closer to nature.<\/p>\n\n\t\t<\/div> \n\t<\/div> <\/div><\/div><\/div><\/div><\/div><div      class=\"vc_row wpb_row section vc_row-fluid  vc_custom_1609404792836\" style=' text-align:left;'><div class=\"full_section_inner clearfix\"><div class=\"wpb_column vc_column_container vc_col-sm-12\"><div class=\"vc_column-inner\"><div class=\"wpb_wrapper\">\n\t<div class=\"wpb_text_column wpb_content_element\">\n\t\t<div class=\"wpb_wrapper\">\n\t\t\t<h3 style=\"text-align: center;\">INDIVIDUALLY DESIGNED FLIP FLOPS<\/h3>\n\n\t\t<\/div> \n\t<\/div> \n\t<div class=\"wpb_text_column wpb_content_element  vc_custom_1656583155174\">\n\t\t<div class=\"wpb_wrapper\">\n\t\t\t<p style=\"text-align: center;\">Are you looking for a way to stay in your customers'<br \/>\nmemory without wasting useless disposable products?<br \/>\nDo you desire a creative promotional item<br \/>\nthat leaves a lasting impression on your guests?<br \/>\nWould you like to give your logo greater visibility<br \/>\non a well-thought-out product?<br \/>\nProvide us with the logo, and we will produce the flip flops<br \/>\nin your desired colors. Order today!<br \/>\nMinimum quantity: 500 pieces \u2013 Sizes: 36-46.<\/p>\n\n\t\t<\/div> \n\t<\/div> <\/div><\/div><\/div><\/div><\/div>\n<\/div>","protected":false},"excerpt":{"rendered":"Warum eigene Flip Flops? Egal ob als Mitglied oder als Anh\u00e4nger eines Fussballvereins, mit unseren Flip Flops zeigen Sie Ihre Unterst\u00fctzung und Verbundenheit zu Ihren Teamkollegen oder Ihren Idolen. Schauen Sie sich ein Spiel gem\u00fctlich von Ihrem Sofa aus an oder bejubeln Sie Ihren Lieblingsclub...","protected":false},"author":67,"featured_media":0,"parent":0,"menu_order":0,"comment_status":"closed","ping_status":"closed","template":"full_width.php","meta":{"_monsterinsights_skip_tracking":false,"_monsterinsights_sitenote_active":false,"_monsterinsights_sitenote_note":"","_monsterinsights_sitenote_category":0,"footnotes":""},"class_list":["post-194","page","type-page","status-publish","hentry"],"aioseo_notices":[],"_links":{"self":[{"href":"https:\/\/grass-flipflop.com\/en\/wp-json\/wp\/v2\/pages\/194","targetHints":{"allow":["GET"]}}],"collection":[{"href":"https:\/\/grass-flipflop.com\/en\/wp-json\/wp\/v2\/pages"}],"about":[{"href":"https:\/\/grass-flipflop.com\/en\/wp-json\/wp\/v2\/types\/page"}],"author":[{"embeddable":true,"href":"https:\/\/grass-flipflop.com\/en\/wp-json\/wp\/v2\/users\/67"}],"replies":[{"embeddable":true,"href":"https:\/\/grass-flipflop.com\/en\/wp-json\/wp\/v2\/comments?post=194"}],"version-history":[{"count":0,"href":"https:\/\/grass-flipflop.com\/en\/wp-json\/wp\/v2\/pages\/194\/revisions"}],"wp:attachment":[{"href":"https:\/\/grass-flipflop.com\/en\/wp-json\/wp\/v2\/media?parent=194"}],"curies":[{"name":"wp","href":"https:\/\/api.w.org\/{rel}","templated":true}]}}